{"id":405,"date":"2019-06-02T22:07:37","date_gmt":"2019-06-02T22:07:37","guid":{"rendered":"http:\/\/nova-technik.com\/?page_id=405"},"modified":"2020-09-20T16:48:31","modified_gmt":"2020-09-20T16:48:31","slug":"strona-glowna","status":"publish","type":"page","link":"https:\/\/nova-technik.com\/pl\/","title":{"rendered":"Strona g\u0142\u00f3wna"},"content":{"rendered":"<section class=\"l-section wpb_row us_custom_307d5018 height_auto width_full\"><div class=\"l-section-h i-cf\"><div class=\"g-cols vc_row via_flex valign_top type_default stacking_default\"><div class=\"vc_col-sm-12 wpb_column vc_column_container\"><div class=\"vc_column-inner\"><div class=\"wpb_wrapper\"><div class=\"w-slider us_custom_96f6b73d style_none fit_cover\"><div class=\"w-slider-h\"><div class=\"royalSlider\"><div class=\"rsContent\"><a class=\"rsImg\" data-rsw=\"7178\" data-rsh=\"2346\" href=\"https:\/\/nova-technik.com\/wp-content\/uploads\/2019\/05\/shutterstock_1221967603.jpg\"><span data-alt=\"\"><\/span><\/a><\/div><div class=\"rsContent\"><a class=\"rsImg\" data-rsw=\"4062\" data-rsh=\"1384\" href=\"https:\/\/nova-technik.com\/wp-content\/uploads\/2019\/05\/shutterstock_73825342.jpg\"><span data-alt=\"\"><\/span><\/a><\/div><div class=\"rsContent\"><a class=\"rsImg\" data-rsw=\"2641\" data-rsh=\"1135\" href=\"https:\/\/nova-technik.com\/wp-content\/uploads\/2019\/04\/iStock-159757405.jpg\"><span data-alt=\"\"><\/span><\/a><\/div><div class=\"rsContent\"><a class=\"rsImg\" data-rsw=\"7178\" data-rsh=\"3180\" href=\"https:\/\/nova-technik.com\/wp-content\/uploads\/2019\/05\/shutterstock_1109030867-1-1.jpg\"><span data-alt=\"\"><\/span><\/a><\/div><div class=\"rsContent\"><a class=\"rsImg\" data-rsw=\"2730\" data-rsh=\"1098\" href=\"https:\/\/nova-technik.com\/wp-content\/uploads\/2019\/06\/iStock-943365346-2.jpg\"><span data-alt=\"\"><\/span><\/a><\/div><\/div><img decoding=\"async\" src=\"https:\/\/nova-technik.com\/wp-content\/uploads\/2019\/05\/shutterstock_1221967603.jpg\" width=\"7178\" height=\"2346\" alt loading=\"lazy\"><\/div><div class=\"w-slider-json\" onclick='return {&quot;loop&quot;:true,&quot;fadeInLoadedSlide&quot;:false,&quot;slidesSpacing&quot;:0,&quot;imageScalePadding&quot;:0,&quot;numImagesToPreload&quot;:2,&quot;arrowsNav&quot;:true,&quot;arrowsNavAutoHide&quot;:false,&quot;transitionType&quot;:&quot;move&quot;,&quot;transitionSpeed&quot;:250,&quot;block&quot;:{&quot;moveEffect&quot;:&quot;none&quot;,&quot;speed&quot;:300},&quot;controlNavigation&quot;:&quot;bullets&quot;,&quot;autoplay&quot;:{&quot;enabled&quot;:true,&quot;pauseOnHover&quot;:true,&quot;delay&quot;:2000},&quot;imageScaleMode&quot;:&quot;fill&quot;,&quot;autoScaleSlider&quot;:true,&quot;autoScaleSliderWidth&quot;:7178,&quot;autoScaleSliderHeight&quot;:2346,&quot;fitInViewport&quot;:false}'><\/div><\/div><\/div><\/div><\/div><\/div><\/div><\/section><section class=\"l-section wpb_row height_medium\"><div class=\"l-section-h i-cf\"><div class=\"g-cols vc_row via_flex valign_top type_default stacking_default\"><div class=\"vc_col-sm-12 wpb_column vc_column_container\"><div class=\"vc_column-inner\"><div class=\"wpb_wrapper\"><div class=\"wpb_text_column\"><div class=\"wpb_wrapper\"><p>Witamy Pa\u0144stwa w Nova Technik GmbH!<\/p>\n<p>Jeste\u015bmy niezale\u017cn\u0105 od producent\u00f3w firm\u0105 handlow\u0105, zajmuj\u0105c\u0105 si\u0119 wyposa\u017ceniem technicznym. Koncentrujemy si\u0119 przede wszystkim na zaopatrywaniu naszych klient\u00f3w z bran\u017cy przemys\u0142owej i \u017ceglugowej w urz\u0105dzenia techniczne oraz cz\u0119\u015bci zamienne do nich.<\/p>\n<p>Nasze kompetencje w dziedzinie zaopatrzenia technicznego powsta\u0142y dzi\u0119ki wieloletniemu do\u015bwiadczeniu zawodowemu z klientami przemys\u0142owymi w Niemczech i innych krajach europejskich. Nasza wiedza oraz doskona\u0142e kontakty z producentami i dostawcami na globalnym rynku umo\u017cliwiaj\u0105 nam zaoferowanie profesjonalnej, wiarygodnej i op\u0142acalnej dla klient\u00f3w us\u0142ugi.<\/p>\n<p>Poprzez sie\u0107 wykwalifikowanych i do\u015bwiadczonych partner\u00f3w oferujemy rozwi\u0105zania techniczne w postaci specjalnych indywidualnych cz\u0119\u015bci lub modyfikacji u\u017cywanych przez Pa\u0144stwa komponent\u00f3w technicznych do maszyn w oparciu o rysunki lub wzorce w dziedzinie spr\u0119\u017carek, uszczelnie\u0144 oraz filtracji. Ponadto mo\u017cemy zaoferowa\u0107 szerok\u0105 gam\u0119 us\u0142ug zwi\u0105zanych z zaworami do spr\u0119\u017carek, pocz\u0105wszy od ich oblicze\u0144 technicznych do ich pe\u0142nej naprawy lub ewentualnego przeprojektowania.<\/p>\n<p>Nasza fachowa wiedza oraz strategicznie korzystna, centralna w Europie, lokalizacja Hamburga pozwalaj\u0105 nam zaoferowa\u0107 doskona\u0142\u0105, wymagan\u0105 przez kontrahent\u00f3w, us\u0142ug\u0119 na szybko zmieniaj\u0105cym si\u0119 rynku, co jest podstawowym warunkiem udanej wsp\u00f3\u0142pracy z klientami.<\/p>\n<\/div><\/div><\/div><\/div><\/div><\/div><\/div><\/section><section class=\"l-section wpb_row us_custom_39428959 height_medium\"><div class=\"l-section-h i-cf\"><div class=\"g-cols vc_row via_flex valign_top type_default stacking_default\"><div class=\"vc_col-sm-6 wpb_column vc_column_container\"><div class=\"vc_column-inner\"><div class=\"wpb_wrapper\"><div class=\"wpb_text_column\"><div class=\"wpb_wrapper\"><p>Dlaczego my?<\/p>\n<p>Oferujemy warto\u015b\u0107 dodan\u0105, kt\u00f3rej oczekujecie Pa\u0144stwo od swoich dostawc\u00f3w, czyli:<\/p>\n<ul>\n<li>Profesjonalne i indywidualne wsparcie klient\u00f3w<\/li>\n<li>Szerokie kontakty<\/li>\n<li>D\u0142ugoletnie do\u015bwiadczenie i kompetencj\u0119 zawodow\u0105<\/li>\n<li>Rzeteln\u0105 us\u0142ug\u0119<\/li>\n<li>Dostawy na ca\u0142y \u015bwiat<\/li>\n<\/ul>\n<\/div><\/div><\/div><\/div><\/div><div class=\"vc_col-sm-6 wpb_column vc_column_container\"><div class=\"vc_column-inner us_custom_01425aa8\"><div class=\"wpb_wrapper\"><div class=\"w-slider us_custom_c079e1fa style_none fit_scaledown has_border_radius\"><div class=\"w-slider-h\"><div class=\"royalSlider\"><div class=\"rsContent\"><a class=\"rsImg\" data-rsw=\"350\" data-rsh=\"350\" href=\"https:\/\/nova-technik.com\/wp-content\/uploads\/2019\/05\/kessel-350x350.jpg\"><span data-alt=\"\"><\/span><\/a><\/div><div class=\"rsContent\"><a class=\"rsImg\" data-rsw=\"350\" data-rsh=\"350\" href=\"https:\/\/nova-technik.com\/wp-content\/uploads\/2019\/05\/industrie-350x350.jpg\"><span data-alt=\"\"><\/span><\/a><\/div><div class=\"rsContent\"><a class=\"rsImg\" data-rsw=\"350\" data-rsh=\"350\" href=\"https:\/\/nova-technik.com\/wp-content\/uploads\/2019\/05\/kompressor-350x350.jpg\"><span data-alt=\"\"><\/span><\/a><\/div><\/div><img decoding=\"async\" src=\"https:\/\/nova-technik.com\/wp-content\/uploads\/2019\/05\/kessel-350x350.jpg\" width=\"350\" height=\"350\" alt loading=\"lazy\"><\/div><div class=\"w-slider-json\" onclick='return {&quot;loop&quot;:true,&quot;fadeInLoadedSlide&quot;:false,&quot;slidesSpacing&quot;:0,&quot;imageScalePadding&quot;:0,&quot;numImagesToPreload&quot;:2,&quot;arrowsNav&quot;:false,&quot;arrowsNavAutoHide&quot;:false,&quot;transitionType&quot;:&quot;move&quot;,&quot;transitionSpeed&quot;:250,&quot;block&quot;:{&quot;moveEffect&quot;:&quot;none&quot;,&quot;speed&quot;:300},&quot;controlNavigation&quot;:&quot;none&quot;,&quot;autoplay&quot;:{&quot;enabled&quot;:true,&quot;pauseOnHover&quot;:true,&quot;delay&quot;:3000},&quot;imageScaleMode&quot;:&quot;fit-if-smaller&quot;,&quot;autoScaleSlider&quot;:true,&quot;autoScaleSliderWidth&quot;:350,&quot;autoScaleSliderHeight&quot;:350,&quot;fitInViewport&quot;:false}'><\/div><\/div><\/div><\/div><\/div><\/div><\/div><\/section>\n","protected":false},"excerpt":{"rendered":"Witamy Pa\u0144stwa w Nova Technik GmbH! Jeste\u015bmy niezale\u017cn\u0105 od producent\u00f3w firm\u0105 handlow\u0105, zajmuj\u0105c\u0105 si\u0119 wyposa\u017ceniem technicznym. Koncentrujemy si\u0119 przede wszystkim na zaopatrywaniu naszych klient\u00f3w z bran\u017cy przemys\u0142owej i \u017ceglugowej w urz\u0105dzenia techniczne oraz cz\u0119\u015bci zamienne do nich. Nasze kompetencje w dziedzinie zaopatrzenia technicznego powsta\u0142y dzi\u0119ki wieloletniemu do\u015bwiadczeniu zawodowemu z klientami przemys\u0142owymi w Niemczech i innych...","protected":false},"author":1,"featured_media":0,"parent":0,"menu_order":0,"comment_status":"closed","ping_status":"closed","template":"","meta":{"footnotes":""},"_links":{"self":[{"href":"https:\/\/nova-technik.com\/pl\/wp-json\/wp\/v2\/pages\/405"}],"collection":[{"href":"https:\/\/nova-technik.com\/pl\/wp-json\/wp\/v2\/pages"}],"about":[{"href":"https:\/\/nova-technik.com\/pl\/wp-json\/wp\/v2\/types\/page"}],"author":[{"embeddable":true,"href":"https:\/\/nova-technik.com\/pl\/wp-json\/wp\/v2\/users\/1"}],"replies":[{"embeddable":true,"href":"https:\/\/nova-technik.com\/pl\/wp-json\/wp\/v2\/comments?post=405"}],"version-history":[{"count":7,"href":"https:\/\/nova-technik.com\/pl\/wp-json\/wp\/v2\/pages\/405\/revisions"}],"predecessor-version":[{"id":921,"href":"https:\/\/nova-technik.com\/pl\/wp-json\/wp\/v2\/pages\/405\/revisions\/921"}],"wp:attachment":[{"href":"https:\/\/nova-technik.com\/pl\/wp-json\/wp\/v2\/media?parent=405"}],"curies":[{"name":"wp","href":"https:\/\/api.w.org\/{rel}","templated":true}]}}