{"id":413,"date":"2019-06-01T20:22:46","date_gmt":"2019-06-01T20:22:46","guid":{"rendered":"http:\/\/nova-technik.com\/?page_id=413"},"modified":"2019-06-02T19:05:33","modified_gmt":"2019-06-02T19:05:33","slug":"chemia-przemyslowa","status":"publish","type":"page","link":"https:\/\/nova-technik.com\/pl\/chemia-przemyslowa\/","title":{"rendered":"Chemia przemys\u0142owa"},"content":{"rendered":"<section class=\"l-section wpb_row height_medium\"><div class=\"l-section-h i-cf\"><div class=\"g-cols vc_row via_flex valign_top type_default stacking_default\"><div class=\"vc_col-sm-12 wpb_column vc_column_container\"><div class=\"vc_column-inner\"><div class=\"wpb_wrapper\"><div class=\"w-image align_center\"><div class=\"w-image-h\"><img loading=\"lazy\" decoding=\"async\" width=\"640\" height=\"480\" src=\"https:\/\/nova-technik.com\/wp-content\/uploads\/2019\/06\/Wartungsprodukte.jpg\" class=\"attachment-large size-large\" alt=\"\" srcset=\"https:\/\/nova-technik.com\/wp-content\/uploads\/2019\/06\/Wartungsprodukte.jpg 640w, https:\/\/nova-technik.com\/wp-content\/uploads\/2019\/06\/Wartungsprodukte-300x225.jpg 300w\" sizes=\"(max-width: 640px) 100vw, 640px\" \/><\/div><\/div><\/div><\/div><\/div><\/div><\/div><\/section><section class=\"l-section wpb_row height_medium\"><div class=\"l-section-h i-cf\"><div class=\"g-cols vc_row via_flex valign_top type_default stacking_default\"><div class=\"vc_col-sm-12 wpb_column vc_column_container\"><div class=\"vc_column-inner\"><div class=\"wpb_wrapper\"><div class=\"wpb_text_column\"><div class=\"wpb_wrapper\"><ul>\n<li>czy\u015bciwa<\/li>\n<li>pasty przemys\u0142owe<\/li>\n<li>\u015brodki smaruj\u0105ce<\/li>\n<li>\u015brodki pomocnicze<\/li>\n<li>specialne smary<\/li>\n<li>p\u0142yny do obr\u00f3bki metalowej antykorozja<\/li>\n<\/ul>\n<\/div><\/div><\/div><\/div><\/div><\/div><\/div><\/section><section class=\"l-section wpb_row height_medium\"><div class=\"l-section-h i-cf\"><div class=\"g-cols vc_row via_flex valign_top type_default stacking_default\"><div class=\"vc_col-sm-12 wpb_column vc_column_container\"><div class=\"vc_column-inner\"><div class=\"wpb_wrapper\"><div class=\"w-image align_center\"><div class=\"w-image-h\"><img loading=\"lazy\" decoding=\"async\" width=\"300\" height=\"169\" src=\"https:\/\/nova-technik.com\/wp-content\/uploads\/2019\/06\/industrie-300x169.jpg\" class=\"attachment-medium size-medium\" alt=\"\" srcset=\"https:\/\/nova-technik.com\/wp-content\/uploads\/2019\/06\/industrie-300x169.jpg 300w, https:\/\/nova-technik.com\/wp-content\/uploads\/2019\/06\/industrie-1024x576.jpg 1024w\" sizes=\"(max-width: 300px) 100vw, 300px\" \/><\/div><\/div><\/div><\/div><\/div><\/div><\/div><\/section>\n","protected":false},"excerpt":{"rendered":"czy\u015bciwa pasty przemys\u0142owe \u015brodki smaruj\u0105ce \u015brodki pomocnicze specialne smary p\u0142yny do obr\u00f3bki metalowej antykorozja","protected":false},"author":1,"featured_media":0,"parent":0,"menu_order":0,"comment_status":"closed","ping_status":"closed","template":"","meta":{"footnotes":""},"_links":{"self":[{"href":"https:\/\/nova-technik.com\/pl\/wp-json\/wp\/v2\/pages\/413"}],"collection":[{"href":"https:\/\/nova-technik.com\/pl\/wp-json\/wp\/v2\/pages"}],"about":[{"href":"https:\/\/nova-technik.com\/pl\/wp-json\/wp\/v2\/types\/page"}],"author":[{"embeddable":true,"href":"https:\/\/nova-technik.com\/pl\/wp-json\/wp\/v2\/users\/1"}],"replies":[{"embeddable":true,"href":"https:\/\/nova-technik.com\/pl\/wp-json\/wp\/v2\/comments?post=413"}],"version-history":[{"count":9,"href":"https:\/\/nova-technik.com\/pl\/wp-json\/wp\/v2\/pages\/413\/revisions"}],"predecessor-version":[{"id":695,"href":"https:\/\/nova-technik.com\/pl\/wp-json\/wp\/v2\/pages\/413\/revisions\/695"}],"wp:attachment":[{"href":"https:\/\/nova-technik.com\/pl\/wp-json\/wp\/v2\/media?parent=413"}],"curies":[{"name":"wp","href":"https:\/\/api.w.org\/{rel}","templated":true}]}}