{"id":511,"date":"2019-06-02T10:22:25","date_gmt":"2019-06-02T10:22:25","guid":{"rendered":"http:\/\/nova-technik.com\/o-nas\/"},"modified":"2019-06-02T19:09:38","modified_gmt":"2019-06-02T19:09:38","slug":"o-nas","status":"publish","type":"page","link":"https:\/\/nova-technik.com\/pl\/o-nas\/","title":{"rendered":"O nas"},"content":{"rendered":"<section class=\"l-section wpb_row height_medium\"><div class=\"l-section-h i-cf\"><div class=\"g-cols vc_row via_flex valign_top type_default stacking_default\"><div class=\"vc_col-sm-12 wpb_column vc_column_container\"><div class=\"vc_column-inner\"><div class=\"wpb_wrapper\"><div class=\"wpb_text_column\"><div class=\"wpb_wrapper\"><p>Witamy Pa\u0144stwa w Nova Technik GmbH!<\/p>\n<p>Jeste\u015bmy niezale\u017cn\u0105 od producent\u00f3w firm\u0105 handlow\u0105, zajmuj\u0105c\u0105 si\u0119 wyposa\u017ceniem technicznym. Koncentrujemy si\u0119 przede wszystkim na zaopatrywaniu naszych klient\u00f3w z bran\u017cy przemys\u0142owej i \u017ceglugowej w urz\u0105dzenia techniczne oraz cz\u0119\u015bci zamienne do nich.<\/p>\n<p>Nasze kompetencje w dziedzinie zaopatrzenia technicznego powsta\u0142y dzi\u0119ki wieloletniemu do\u015bwiadczeniu zawodowemu z klientami przemys\u0142owymi w Niemczech i innych krajach europejskich. Nasza wiedza oraz doskona\u0142e kontakty z producentami i dostawcami na globalnym rynku umo\u017cliwiaj\u0105 nam zaoferowanie profesjonalnej, wiarygodnej i op\u0142acalnej dla klient\u00f3w us\u0142ugi.<\/p>\n<p>Poprzez sie\u0107 wykwalifikowanych i do\u015bwiadczonych partner\u00f3w oferujemy rozwi\u0105zania techniczne w postaci specjalnych indywidualnych cz\u0119\u015bci lub modyfikacji u\u017cywanych przez Pa\u0144stwa komponent\u00f3w technicznych do maszyn w oparciu o rysunki lub wzorce w dziedzinie spr\u0119\u017carek, uszczelnie\u0144 oraz filtracji. Ponadto mo\u017cemy zaoferowa\u0107 szerok\u0105 gam\u0119 us\u0142ug zwi\u0105zanych z zaworami do spr\u0119\u017carek, pocz\u0105wszy od ich oblicze\u0144 technicznych do ich pe\u0142nej naprawy lub ewentualnego przeprojektowania.<\/p>\n<p>Nasza fachowa wiedza oraz strategicznie korzystna, centralna w Europie, lokalizacja Hamburga pozwalaj\u0105 nam zaoferowa\u0107 doskona\u0142\u0105, wymagan\u0105 przez kontrahent\u00f3w, us\u0142ug\u0119 na szybko zmieniaj\u0105cym si\u0119 rynku, co jest podstawowym warunkiem udanej wsp\u00f3\u0142pracy z klientami.<\/p>\n<p>&nbsp;<\/p>\n<p>Dlaczego my?<\/p>\n<p>Oferujemy warto\u015b\u0107 dodan\u0105, kt\u00f3rej oczekujecie Pa\u0144stwo od swoich dostawc\u00f3w, czyli:<\/p>\n<ul>\n<li>Profesjonalne i indywidualne wsparcie klient\u00f3w<\/li>\n<li>Szerokie kontakty<\/li>\n<li>D\u0142ugoletnie do\u015bwiadczenie i kompetencj\u0119 zawodow\u0105<\/li>\n<li>Rzeteln\u0105 us\u0142ug\u0119<\/li>\n<li>Dostawy na ca\u0142y \u015bwiat<\/li>\n<\/ul>\n<p>&nbsp;<\/p>\n<p>Zapraszamy Pa\u0144stwa do wsp\u00f3\u0142pracy!<\/p>\n<p>Nova Technik GmbH<\/p>\n<p>&nbsp;<\/p>\n<\/div><\/div><\/div><\/div><\/div><\/div><\/div><\/section>\n","protected":false},"excerpt":{"rendered":"Witamy Pa\u0144stwa w Nova Technik GmbH! Jeste\u015bmy niezale\u017cn\u0105 od producent\u00f3w firm\u0105 handlow\u0105, zajmuj\u0105c\u0105 si\u0119 wyposa\u017ceniem technicznym. Koncentrujemy si\u0119 przede wszystkim na zaopatrywaniu naszych klient\u00f3w z bran\u017cy przemys\u0142owej i \u017ceglugowej w urz\u0105dzenia techniczne oraz cz\u0119\u015bci zamienne do nich. Nasze kompetencje w dziedzinie zaopatrzenia technicznego powsta\u0142y dzi\u0119ki wieloletniemu do\u015bwiadczeniu zawodowemu z klientami przemys\u0142owymi w Niemczech i innych...","protected":false},"author":1,"featured_media":0,"parent":0,"menu_order":0,"comment_status":"closed","ping_status":"closed","template":"","meta":{"footnotes":""},"_links":{"self":[{"href":"https:\/\/nova-technik.com\/pl\/wp-json\/wp\/v2\/pages\/511"}],"collection":[{"href":"https:\/\/nova-technik.com\/pl\/wp-json\/wp\/v2\/pages"}],"about":[{"href":"https:\/\/nova-technik.com\/pl\/wp-json\/wp\/v2\/types\/page"}],"author":[{"embeddable":true,"href":"https:\/\/nova-technik.com\/pl\/wp-json\/wp\/v2\/users\/1"}],"replies":[{"embeddable":true,"href":"https:\/\/nova-technik.com\/pl\/wp-json\/wp\/v2\/comments?post=511"}],"version-history":[{"count":3,"href":"https:\/\/nova-technik.com\/pl\/wp-json\/wp\/v2\/pages\/511\/revisions"}],"predecessor-version":[{"id":578,"href":"https:\/\/nova-technik.com\/pl\/wp-json\/wp\/v2\/pages\/511\/revisions\/578"}],"wp:attachment":[{"href":"https:\/\/nova-technik.com\/pl\/wp-json\/wp\/v2\/media?parent=511"}],"curies":[{"name":"wp","href":"https:\/\/api.w.org\/{rel}","templated":true}]}}