{"id":513,"date":"2019-06-02T10:23:26","date_gmt":"2019-06-02T10:23:26","guid":{"rendered":"http:\/\/nova-technik.com\/serwis\/"},"modified":"2019-06-02T19:07:35","modified_gmt":"2019-06-02T19:07:35","slug":"serwis","status":"publish","type":"page","link":"https:\/\/nova-technik.com\/pl\/serwis\/","title":{"rendered":"Serwis"},"content":{"rendered":"<section class=\"l-section wpb_row height_medium\"><div class=\"l-section-h i-cf\"><div class=\"g-cols vc_row via_flex valign_top type_default stacking_default\"><div class=\"vc_col-sm-12 wpb_column vc_column_container\"><div class=\"vc_column-inner\"><div class=\"wpb_wrapper\"><div class=\"wpb_text_column\"><div class=\"wpb_wrapper\"><p>Serwis:<\/p>\n<p>W ostatnich latach wzros\u0142o zapotrzebowanie na cz\u0119\u015bci produkowane indywidualnie pod potrzeby u\u017cytkownika, zw\u0142aszcza w przemy\u015ble naftowym i gazowym. Dzi\u0119ki naszym d\u0142ugoletnim kontaktom z wykwalifikowanymi partnerami oferujemy rozwi\u0105zania w postaci cz\u0119\u015bci lub ich modyfikacji, wykonywanych na zam\u00f3wienie zgodnie z rysunkami lub wzorcami z dziedziny spr\u0119\u017carek, uszczelnie\u0144 i technologii filtracji.<\/p>\n<p>Wychodz\u0105c naprzeciw oczekiwaniom naszych klient\u00f3w oferujemy poprzez partnerskie biuro projektowe technologii spr\u0119\u017carek produkcj\u0119, obliczenia techniczne, przeprojektowanie oraz regeneracj\u0119 zawor\u00f3w do spr\u0119\u017carek w zastosowaniach petrochemicznych, niezale\u017cnie od producenta maszyny.<\/p>\n<p>&nbsp;<\/p>\n<p>Tego mo\u017cecie Pa\u0144stwo od nas oczekiwa\u0107 w zakresie zawor\u00f3w do spr\u0119\u017carek:<\/p>\n<ul>\n<li>Indywidualna produkcja zgodnie z wymaganiami klienta oparta na jego rysunkach lub bazuj\u0105ca na projekcie naszego biura konstrukcyjnego<\/li>\n<li>Szybka produkcja pojedynczych i ma\u0142ych serii<\/li>\n<li>Certyfikacja zgodnie z norm\u0105 DIN EN ISO 9001: 2015<\/li>\n<li>(Na \u017cyczenie) deklaracja zgodno\u015bci dla zawor\u00f3w<\/li>\n<li>W razie potrzeby testy i certyfikacja wydane przez T\u00dcV.<\/li>\n<\/ul>\n<p>&nbsp;<\/p>\n<p>Szukacie Pa\u0144stwo oferenta specjalnej produkcji cz\u0119\u015bci zamiennych dla przemys\u0142u petrochemicznego?<\/p>\n<p>&nbsp;<\/p>\n<p>W tym przypadku jeste\u015bmy do Pa\u0144stwa dyspozycji!<\/p>\n<\/div><\/div><\/div><\/div><\/div><\/div><\/div><\/section><section class=\"l-section wpb_row height_medium\"><div class=\"l-section-h i-cf\"><div class=\"g-cols vc_row via_flex valign_top type_default stacking_default\"><div class=\"vc_col-sm-6 wpb_column vc_column_container\"><div class=\"vc_column-inner\"><div class=\"wpb_wrapper\"><div class=\"w-image align_none\"><div class=\"w-image-h\"><img loading=\"lazy\" decoding=\"async\" width=\"1024\" height=\"497\" src=\"https:\/\/nova-technik.com\/wp-content\/uploads\/2019\/05\/IMG-20190410-WA0027-1024x497.jpg\" class=\"attachment-large size-large\" alt=\"\" srcset=\"https:\/\/nova-technik.com\/wp-content\/uploads\/2019\/05\/IMG-20190410-WA0027-1024x497.jpg 1024w, https:\/\/nova-technik.com\/wp-content\/uploads\/2019\/05\/IMG-20190410-WA0027-300x146.jpg 300w, https:\/\/nova-technik.com\/wp-content\/uploads\/2019\/05\/IMG-20190410-WA0027.jpg 1600w\" sizes=\"(max-width: 1024px) 100vw, 1024px\" \/><\/div><\/div><\/div><\/div><\/div><div class=\"vc_col-sm-6 wpb_column vc_column_container\"><div class=\"vc_column-inner\"><div class=\"wpb_wrapper\"><div class=\"w-image align_none\"><div class=\"w-image-h\"><img loading=\"lazy\" decoding=\"async\" width=\"1024\" height=\"497\" src=\"https:\/\/nova-technik.com\/wp-content\/uploads\/2019\/05\/IMG-20190410-WA0029-1024x497.jpg\" class=\"attachment-large size-large\" alt=\"\" srcset=\"https:\/\/nova-technik.com\/wp-content\/uploads\/2019\/05\/IMG-20190410-WA0029-1024x497.jpg 1024w, https:\/\/nova-technik.com\/wp-content\/uploads\/2019\/05\/IMG-20190410-WA0029-300x146.jpg 300w, https:\/\/nova-technik.com\/wp-content\/uploads\/2019\/05\/IMG-20190410-WA0029.jpg 1600w\" sizes=\"(max-width: 1024px) 100vw, 1024px\" \/><\/div><\/div><\/div><\/div><\/div><\/div><\/div><\/section>\n","protected":false},"excerpt":{"rendered":"Serwis: W ostatnich latach wzros\u0142o zapotrzebowanie na cz\u0119\u015bci produkowane indywidualnie pod potrzeby u\u017cytkownika, zw\u0142aszcza w przemy\u015ble naftowym i gazowym. Dzi\u0119ki naszym d\u0142ugoletnim kontaktom z wykwalifikowanymi partnerami oferujemy rozwi\u0105zania w postaci cz\u0119\u015bci lub ich modyfikacji, wykonywanych na zam\u00f3wienie zgodnie z rysunkami lub wzorcami z dziedziny spr\u0119\u017carek, uszczelnie\u0144 i technologii filtracji. Wychodz\u0105c naprzeciw oczekiwaniom naszych klient\u00f3w oferujemy...","protected":false},"author":1,"featured_media":0,"parent":0,"menu_order":0,"comment_status":"closed","ping_status":"closed","template":"","meta":{"footnotes":""},"_links":{"self":[{"href":"https:\/\/nova-technik.com\/pl\/wp-json\/wp\/v2\/pages\/513"}],"collection":[{"href":"https:\/\/nova-technik.com\/pl\/wp-json\/wp\/v2\/pages"}],"about":[{"href":"https:\/\/nova-technik.com\/pl\/wp-json\/wp\/v2\/types\/page"}],"author":[{"embeddable":true,"href":"https:\/\/nova-technik.com\/pl\/wp-json\/wp\/v2\/users\/1"}],"replies":[{"embeddable":true,"href":"https:\/\/nova-technik.com\/pl\/wp-json\/wp\/v2\/comments?post=513"}],"version-history":[{"count":1,"href":"https:\/\/nova-technik.com\/pl\/wp-json\/wp\/v2\/pages\/513\/revisions"}],"predecessor-version":[{"id":514,"href":"https:\/\/nova-technik.com\/pl\/wp-json\/wp\/v2\/pages\/513\/revisions\/514"}],"wp:attachment":[{"href":"https:\/\/nova-technik.com\/pl\/wp-json\/wp\/v2\/media?parent=513"}],"curies":[{"name":"wp","href":"https:\/\/api.w.org\/{rel}","templated":true}]}}