{"id":517,"date":"2019-06-02T10:26:10","date_gmt":"2019-06-02T10:26:10","guid":{"rendered":"http:\/\/nova-technik.com\/filtracja-olejow-i-sciekow-maszynowych\/"},"modified":"2023-03-07T01:20:24","modified_gmt":"2023-03-07T01:20:24","slug":"filtracja-olejow-i-sciekow-maszynowych","status":"publish","type":"page","link":"https:\/\/nova-technik.com\/pl\/filtracja-olejow-i-sciekow-maszynowych\/","title":{"rendered":"Filtracja olej\u00f3w i \u015bciek\u00f3w maszynowych"},"content":{"rendered":"<section class=\"l-section wpb_row height_medium\"><div class=\"l-section-h i-cf\"><div class=\"g-cols vc_row via_flex valign_top type_default stacking_default\"><div class=\"vc_col-sm-12 wpb_column vc_column_container\"><div class=\"vc_column-inner\"><div class=\"wpb_wrapper\"><div class=\"w-image align_center\"><div class=\"w-image-h\"><img loading=\"lazy\" decoding=\"async\" width=\"600\" height=\"600\" src=\"https:\/\/nova-technik.com\/wp-content\/uploads\/2019\/05\/filter-600x600.jpg\" class=\"attachment-us_600_600_crop size-us_600_600_crop\" alt=\"\" srcset=\"https:\/\/nova-technik.com\/wp-content\/uploads\/2019\/05\/filter-600x600.jpg 600w, https:\/\/nova-technik.com\/wp-content\/uploads\/2019\/05\/filter-150x150.jpg 150w, https:\/\/nova-technik.com\/wp-content\/uploads\/2019\/05\/filter-350x350.jpg 350w\" sizes=\"(max-width: 600px) 100vw, 600px\" \/><\/div><\/div><\/div><\/div><\/div><\/div><\/div><\/section><section class=\"l-section wpb_row height_medium\"><div class=\"l-section-h i-cf\"><div class=\"g-cols vc_row via_flex valign_top type_default stacking_default\"><div class=\"vc_col-sm-12 wpb_column vc_column_container\"><div class=\"vc_column-inner\"><div class=\"wpb_wrapper\"><div class=\"wpb_text_column\"><div class=\"wpb_wrapper\"><table>\n<tbody>\n<tr>\n<td width=\"151\">Boll &amp; Kirch<\/td>\n<td width=\"151\">Mann &amp; Hummel<\/td>\n<td width=\"151\">B+V<\/td>\n<\/tr>\n<tr>\n<td width=\"151\">Bosch Rexroth<\/td>\n<td width=\"151\">Dollinger<\/td>\n<td width=\"151\">Hamworthy<\/td>\n<\/tr>\n<tr>\n<td width=\"151\">Hydac<\/td>\n<td width=\"151\">Pall<\/td>\n<td width=\"151\">Mahle NFV<\/td>\n<\/tr>\n<tr>\n<td width=\"151\">Mahle<\/td>\n<td width=\"151\">Parker<\/td>\n<td width=\"151\">RWO<\/td>\n<\/tr>\n<\/tbody>\n<\/table>\n<\/div><\/div><\/div><\/div><\/div><\/div><\/div><\/section><section class=\"l-section wpb_row height_medium\"><div class=\"l-section-h i-cf\"><div class=\"g-cols vc_row via_flex valign_top type_default stacking_default\"><div class=\"vc_col-sm-12 wpb_column vc_column_container\"><div class=\"vc_column-inner\"><div class=\"wpb_wrapper\"><div class=\"w-image align_center\"><div class=\"w-image-h\"><img loading=\"lazy\" decoding=\"async\" width=\"300\" height=\"199\" src=\"https:\/\/nova-technik.com\/wp-content\/uploads\/2019\/04\/iStock-474078236-300x199.jpg\" class=\"attachment-medium size-medium\" alt=\"\" srcset=\"https:\/\/nova-technik.com\/wp-content\/uploads\/2019\/04\/iStock-474078236-300x199.jpg 300w, https:\/\/nova-technik.com\/wp-content\/uploads\/2019\/04\/iStock-474078236-1024x678.jpg 1024w\" sizes=\"(max-width: 300px) 100vw, 300px\" \/><\/div><\/div><\/div><\/div><\/div><\/div><\/div><\/section>\n","protected":false},"excerpt":{"rendered":"Boll &amp; Kirch Mann &amp; Hummel B+V Bosch Rexroth Dollinger Hamworthy Hydac Pall Mahle NFV Mahle Parker RWO","protected":false},"author":1,"featured_media":0,"parent":0,"menu_order":0,"comment_status":"closed","ping_status":"closed","template":"","meta":{"footnotes":""},"_links":{"self":[{"href":"https:\/\/nova-technik.com\/pl\/wp-json\/wp\/v2\/pages\/517"}],"collection":[{"href":"https:\/\/nova-technik.com\/pl\/wp-json\/wp\/v2\/pages"}],"about":[{"href":"https:\/\/nova-technik.com\/pl\/wp-json\/wp\/v2\/types\/page"}],"author":[{"embeddable":true,"href":"https:\/\/nova-technik.com\/pl\/wp-json\/wp\/v2\/users\/1"}],"replies":[{"embeddable":true,"href":"https:\/\/nova-technik.com\/pl\/wp-json\/wp\/v2\/comments?post=517"}],"version-history":[{"count":3,"href":"https:\/\/nova-technik.com\/pl\/wp-json\/wp\/v2\/pages\/517\/revisions"}],"predecessor-version":[{"id":980,"href":"https:\/\/nova-technik.com\/pl\/wp-json\/wp\/v2\/pages\/517\/revisions\/980"}],"wp:attachment":[{"href":"https:\/\/nova-technik.com\/pl\/wp-json\/wp\/v2\/media?parent=517"}],"curies":[{"name":"wp","href":"https:\/\/api.w.org\/{rel}","templated":true}]}}