{"id":530,"date":"2019-06-02T10:29:34","date_gmt":"2019-06-02T10:29:34","guid":{"rendered":"http:\/\/nova-technik.com\/przemysl\/"},"modified":"2019-11-10T22:56:08","modified_gmt":"2019-11-10T22:56:08","slug":"przemysl","status":"publish","type":"page","link":"https:\/\/nova-technik.com\/pl\/przemysl\/","title":{"rendered":"Przemys\u0142"},"content":{"rendered":"<section class=\"l-section wpb_row height_medium\"><div class=\"l-section-h i-cf\"><div class=\"g-cols vc_row via_flex valign_top type_default stacking_default\"><div class=\"vc_col-sm-12 wpb_column vc_column_container\"><div class=\"vc_column-inner\"><div class=\"wpb_wrapper\"><div class=\"w-image align_none\"><div class=\"w-image-h\"><img loading=\"lazy\" decoding=\"async\" width=\"1024\" height=\"576\" src=\"https:\/\/nova-technik.com\/wp-content\/uploads\/2019\/05\/industrie-1024x576.jpg\" class=\"attachment-large size-large\" alt=\"\" srcset=\"https:\/\/nova-technik.com\/wp-content\/uploads\/2019\/05\/industrie-1024x576.jpg 1024w, https:\/\/nova-technik.com\/wp-content\/uploads\/2019\/05\/industrie-300x169.jpg 300w\" sizes=\"(max-width: 1024px) 100vw, 1024px\" \/><\/div><\/div><\/div><\/div><\/div><\/div><\/div><\/section><section class=\"l-section wpb_row height_medium\"><div class=\"l-section-h i-cf\"><div class=\"g-cols vc_row via_flex valign_top type_default stacking_default\"><div class=\"vc_col-sm-12 wpb_column vc_column_container\"><div class=\"vc_column-inner\"><div class=\"wpb_wrapper\"><div class=\"wpb_text_column\"><div class=\"wpb_wrapper\"><p>Przemys\u0142:<\/p>\n<p>Oferujemy zar\u00f3wno cz\u0119\u015bci zamienne, jak r\u00f3wnie\u017c w pojedy\u0144czych przypadkach kompletne urz\u0105dzenia z nast\u0119puj\u0105cego zakresu:<\/p>\n<p>&nbsp;<\/p>\n<ul>\n<li>Pompy<\/li>\n<li>Spr\u0119\u017carki<\/li>\n<li>Filtracja<\/li>\n<li>Hydraulika<\/li>\n<li>Uszczelnienia<\/li>\n<li>Chemia przemys\u0142owa<\/li>\n<li>P\u0142ytowe wymienniki ciep\u0142a<\/li>\n<li>Technika pr\u00f3\u017cniowa<\/li>\n<\/ul>\n<\/div><\/div><\/div><\/div><\/div><\/div><\/div><\/section>\n","protected":false},"excerpt":{"rendered":"Przemys\u0142: Oferujemy zar\u00f3wno cz\u0119\u015bci zamienne, jak r\u00f3wnie\u017c w pojedy\u0144czych przypadkach kompletne urz\u0105dzenia z nast\u0119puj\u0105cego zakresu: &nbsp; Pompy Spr\u0119\u017carki Filtracja Hydraulika Uszczelnienia Chemia przemys\u0142owa P\u0142ytowe wymienniki ciep\u0142a Technika pr\u00f3\u017cniowa","protected":false},"author":1,"featured_media":0,"parent":0,"menu_order":0,"comment_status":"closed","ping_status":"closed","template":"","meta":{"footnotes":""},"_links":{"self":[{"href":"https:\/\/nova-technik.com\/pl\/wp-json\/wp\/v2\/pages\/530"}],"collection":[{"href":"https:\/\/nova-technik.com\/pl\/wp-json\/wp\/v2\/pages"}],"about":[{"href":"https:\/\/nova-technik.com\/pl\/wp-json\/wp\/v2\/types\/page"}],"author":[{"embeddable":true,"href":"https:\/\/nova-technik.com\/pl\/wp-json\/wp\/v2\/users\/1"}],"replies":[{"embeddable":true,"href":"https:\/\/nova-technik.com\/pl\/wp-json\/wp\/v2\/comments?post=530"}],"version-history":[{"count":2,"href":"https:\/\/nova-technik.com\/pl\/wp-json\/wp\/v2\/pages\/530\/revisions"}],"predecessor-version":[{"id":907,"href":"https:\/\/nova-technik.com\/pl\/wp-json\/wp\/v2\/pages\/530\/revisions\/907"}],"wp:attachment":[{"href":"https:\/\/nova-technik.com\/pl\/wp-json\/wp\/v2\/media?parent=530"}],"curies":[{"name":"wp","href":"https:\/\/api.w.org\/{rel}","templated":true}]}}