{"id":542,"date":"2019-06-02T10:37:54","date_gmt":"2019-06-02T10:37:54","guid":{"rendered":"http:\/\/nova-technik.com\/filtracja-olejow-i-sciekow-maszynowych-3\/"},"modified":"2019-06-02T10:37:55","modified_gmt":"2019-06-02T10:37:55","slug":"filtracja-olejow-i-sciekow-maszynowych-3","status":"publish","type":"page","link":"https:\/\/nova-technik.com\/pl\/filtracja-olejow-i-sciekow-maszynowych-3\/","title":{"rendered":"Filtracja olej\u00f3w i \u015bciek\u00f3w maszynowych:"},"content":{"rendered":"<section class=\"l-section wpb_row height_medium\"><div class=\"l-section-h i-cf\"><div class=\"g-cols vc_row via_flex valign_top type_default stacking_default\"><div class=\"vc_col-sm-12 wpb_column vc_column_container\"><div class=\"vc_column-inner\"><div class=\"wpb_wrapper\"><div class=\"wpb_text_column\"><div class=\"wpb_wrapper\"><table>\n<tbody>\n<tr>\n<td width=\"151\">Boll &amp; Kirch<\/td>\n<td width=\"151\">Mann &amp; Hummel<\/td>\n<td width=\"151\">B+V<\/td>\n<\/tr>\n<tr>\n<td width=\"151\">Bosch Rexroth<\/td>\n<td width=\"151\">Dollinger<\/td>\n<td width=\"151\">Hamworthy<\/td>\n<\/tr>\n<tr>\n<td width=\"151\">Hydac<\/td>\n<td width=\"151\">Pall<\/td>\n<td width=\"151\">Mahle NFV<\/td>\n<\/tr>\n<tr>\n<td width=\"151\">Mahle<\/td>\n<td width=\"151\">Parker<\/td>\n<td width=\"151\">RWO<\/td>\n<\/tr>\n<\/tbody>\n<\/table>\n<\/div><\/div><\/div><\/div><\/div><\/div><\/div><\/section>\n","protected":false},"excerpt":{"rendered":"Boll &amp; Kirch Mann &amp; Hummel B+V Bosch Rexroth Dollinger Hamworthy Hydac Pall Mahle NFV Mahle Parker RWO","protected":false},"author":1,"featured_media":0,"parent":0,"menu_order":0,"comment_status":"closed","ping_status":"closed","template":"","meta":{"footnotes":""},"_links":{"self":[{"href":"https:\/\/nova-technik.com\/pl\/wp-json\/wp\/v2\/pages\/542"}],"collection":[{"href":"https:\/\/nova-technik.com\/pl\/wp-json\/wp\/v2\/pages"}],"about":[{"href":"https:\/\/nova-technik.com\/pl\/wp-json\/wp\/v2\/types\/page"}],"author":[{"embeddable":true,"href":"https:\/\/nova-technik.com\/pl\/wp-json\/wp\/v2\/users\/1"}],"replies":[{"embeddable":true,"href":"https:\/\/nova-technik.com\/pl\/wp-json\/wp\/v2\/comments?post=542"}],"version-history":[{"count":1,"href":"https:\/\/nova-technik.com\/pl\/wp-json\/wp\/v2\/pages\/542\/revisions"}],"predecessor-version":[{"id":543,"href":"https:\/\/nova-technik.com\/pl\/wp-json\/wp\/v2\/pages\/542\/revisions\/543"}],"wp:attachment":[{"href":"https:\/\/nova-technik.com\/pl\/wp-json\/wp\/v2\/media?parent=542"}],"curies":[{"name":"wp","href":"https:\/\/api.w.org\/{rel}","templated":true}]}}