{"id":633,"date":"2019-06-02T16:36:39","date_gmt":"2019-06-02T16:36:39","guid":{"rendered":"http:\/\/nova-technik.com\/przemysl-zeglugowy\/"},"modified":"2020-09-06T15:22:01","modified_gmt":"2020-09-06T15:22:01","slug":"przemysl-zeglugowy","status":"publish","type":"page","link":"https:\/\/nova-technik.com\/pl\/przemysl-zeglugowy\/","title":{"rendered":"Przemys\u0142 \u017ceglugowy"},"content":{"rendered":"<section class=\"l-section wpb_row height_medium\"><div class=\"l-section-h i-cf\"><div class=\"g-cols vc_row via_flex valign_top type_default stacking_default\"><div class=\"vc_col-sm-12 wpb_column vc_column_container\"><div class=\"vc_column-inner\"><div class=\"wpb_wrapper\"><div class=\"w-image align_center\"><div class=\"w-image-h\"><img loading=\"lazy\" decoding=\"async\" width=\"1024\" height=\"678\" src=\"https:\/\/nova-technik.com\/wp-content\/uploads\/2019\/04\/iStock-474078236-1024x678.jpg\" class=\"attachment-large size-large\" alt=\"\" srcset=\"https:\/\/nova-technik.com\/wp-content\/uploads\/2019\/04\/iStock-474078236-1024x678.jpg 1024w, https:\/\/nova-technik.com\/wp-content\/uploads\/2019\/04\/iStock-474078236-300x199.jpg 300w\" sizes=\"(max-width: 1024px) 100vw, 1024px\" \/><\/div><\/div><\/div><\/div><\/div><\/div><\/div><\/section><section class=\"l-section wpb_row height_medium\"><div class=\"l-section-h i-cf\"><div class=\"g-cols vc_row via_flex valign_top type_default stacking_default\"><div class=\"vc_col-sm-12 wpb_column vc_column_container\"><div class=\"vc_column-inner\"><div class=\"wpb_wrapper\"><div class=\"wpb_text_column\"><div class=\"wpb_wrapper\"><p>Przemys\u0142 \u017ceglugowy :<\/p>\n<p>Oferujemy zar\u00f3wno cz\u0119\u015bci zamienne, jak r\u00f3wnie\u017c w pojedy\u0144czych przypadkach kompletne urz\u0105dzenia z nast\u0119puj\u0105cego zakresu:<\/p>\n<p>&nbsp;<\/p>\n<p>&nbsp;<\/p>\n<ul>\n<li>Pompy<\/li>\n<li>Spr\u0119\u017carki<\/li>\n<li>Filtracja olej\u00f3w i \u015bciek\u00f3w maszynowych<\/li>\n<li>Kot\u0142y i palniki<\/li>\n<li>Hydraulika<\/li>\n<li>P\u0142ytowe wymienniki ciep\u0142a<\/li>\n<li>Silniki g\u0142\u00f3wne i pomocnicze<\/li>\n<\/ul>\n<\/div><\/div><\/div><\/div><\/div><div class=\"vc_col-sm-12 wpb_column vc_column_container\"><div class=\"vc_column-inner\"><div class=\"wpb_wrapper\"><\/div><\/div><\/div><\/div><\/div><\/section>\n","protected":false},"excerpt":{"rendered":"Przemys\u0142 \u017ceglugowy : Oferujemy zar\u00f3wno cz\u0119\u015bci zamienne, jak r\u00f3wnie\u017c w pojedy\u0144czych przypadkach kompletne urz\u0105dzenia z nast\u0119puj\u0105cego zakresu: &nbsp; &nbsp; Pompy Spr\u0119\u017carki Filtracja olej\u00f3w i \u015bciek\u00f3w maszynowych Kot\u0142y i palniki Hydraulika P\u0142ytowe wymienniki ciep\u0142a Silniki g\u0142\u00f3wne i pomocnicze","protected":false},"author":1,"featured_media":0,"parent":0,"menu_order":0,"comment_status":"closed","ping_status":"closed","template":"","meta":{"footnotes":""},"_links":{"self":[{"href":"https:\/\/nova-technik.com\/pl\/wp-json\/wp\/v2\/pages\/633"}],"collection":[{"href":"https:\/\/nova-technik.com\/pl\/wp-json\/wp\/v2\/pages"}],"about":[{"href":"https:\/\/nova-technik.com\/pl\/wp-json\/wp\/v2\/types\/page"}],"author":[{"embeddable":true,"href":"https:\/\/nova-technik.com\/pl\/wp-json\/wp\/v2\/users\/1"}],"replies":[{"embeddable":true,"href":"https:\/\/nova-technik.com\/pl\/wp-json\/wp\/v2\/comments?post=633"}],"version-history":[{"count":4,"href":"https:\/\/nova-technik.com\/pl\/wp-json\/wp\/v2\/pages\/633\/revisions"}],"predecessor-version":[{"id":917,"href":"https:\/\/nova-technik.com\/pl\/wp-json\/wp\/v2\/pages\/633\/revisions\/917"}],"wp:attachment":[{"href":"https:\/\/nova-technik.com\/pl\/wp-json\/wp\/v2\/media?parent=633"}],"curies":[{"name":"wp","href":"https:\/\/api.w.org\/{rel}","templated":true}]}}